{"id":258,"date":"2018-01-22T10:17:40","date_gmt":"2018-01-22T14:17:40","guid":{"rendered":"http:\/\/ayuntamiento.o\/transparencia\/?page_id=258"},"modified":"2024-11-13T10:06:52","modified_gmt":"2024-11-13T14:06:52","slug":"responsable-de-acceso-a-la-informacion","status":"publish","type":"page","link":"https:\/\/ayuntamientobohechio.gob.do\/transparencia\/responsable-de-acceso-a-la-informacion\/","title":{"rendered":"Responsable de Acceso a la Informaci\u00f3n"},"content":{"rendered":"\n<p><\/p>\n\n\n\n<p><img loading=\"lazy\" width=\"250\" height=\"444\" class=\"alignnone size-medium wp-image-1000\" src=\"http:\/\/ayuntamientobohechio.gob.do\/transparencia\/wp-content\/uploads\/2024\/11\/OFICINA-LIBRE-ACCESO-A-LA-INFORMACION-BOHECHIO-250x444.jpeg\" alt=\"\" srcset=\"https:\/\/ayuntamientobohechio.gob.do\/transparencia\/wp-content\/uploads\/2024\/11\/OFICINA-LIBRE-ACCESO-A-LA-INFORMACION-BOHECHIO-250x444.jpeg 250w, https:\/\/ayuntamientobohechio.gob.do\/transparencia\/wp-content\/uploads\/2024\/11\/OFICINA-LIBRE-ACCESO-A-LA-INFORMACION-BOHECHIO-700x1244.jpeg 700w, https:\/\/ayuntamientobohechio.gob.do\/transparencia\/wp-content\/uploads\/2024\/11\/OFICINA-LIBRE-ACCESO-A-LA-INFORMACION-BOHECHIO-120x213.jpeg 120w, https:\/\/ayuntamientobohechio.gob.do\/transparencia\/wp-content\/uploads\/2024\/11\/OFICINA-LIBRE-ACCESO-A-LA-INFORMACION-BOHECHIO.jpeg 720w\" sizes=\"(max-width: 250px) 100vw, 250px\" \/><\/p>\n<p style=\"text-align: left;\">Sra. Antonia Ferreras Jim\u00e9nez<br \/>Responsable de Acceso a la Informaci\u00f3n (RAI)<br \/>Tel\u00e9fono: 829-780-3071 \/ 829-453-0622<br \/>Correo electr\u00f3nico: informacionpublica@alcaldiabohechio.gob.do<\/p>\n","protected":false},"excerpt":{"rendered":"Sra. Antonia Ferreras Jim\u00e9nezResponsable de Acceso a la Informaci\u00f3n (RAI)Tel\u00e9fono: 829-780-3071 \/ 829-453-0622Correo electr\u00f3nico: informacionpublica@alcaldiabohechio.gob.do","protected":false},"author":1,"featured_media":0,"parent":0,"menu_order":0,"comment_status":"closed","ping_status":"closed","template":"","meta":[],"_links":{"self":[{"href":"https:\/\/ayuntamientobohechio.gob.do\/transparencia\/wp-json\/wp\/v2\/pages\/258"}],"collection":[{"href":"https:\/\/ayuntamientobohechio.gob.do\/transparencia\/wp-json\/wp\/v2\/pages"}],"about":[{"href":"https:\/\/ayuntamientobohechio.gob.do\/transparencia\/wp-json\/wp\/v2\/types\/page"}],"author":[{"embeddable":true,"href":"https:\/\/ayuntamientobohechio.gob.do\/transparencia\/wp-json\/wp\/v2\/users\/1"}],"replies":[{"embeddable":true,"href":"https:\/\/ayuntamientobohechio.gob.do\/transparencia\/wp-json\/wp\/v2\/comments?post=258"}],"version-history":[{"count":5,"href":"https:\/\/ayuntamientobohechio.gob.do\/transparencia\/wp-json\/wp\/v2\/pages\/258\/revisions"}],"predecessor-version":[{"id":1001,"href":"https:\/\/ayuntamientobohechio.gob.do\/transparencia\/wp-json\/wp\/v2\/pages\/258\/revisions\/1001"}],"wp:attachment":[{"href":"https:\/\/ayuntamientobohechio.gob.do\/transparencia\/wp-json\/wp\/v2\/media?parent=258"}],"curies":[{"name":"wp","href":"https:\/\/api.w.org\/{rel}","templated":true}]}}